{"id":309,"date":"2020-01-13T11:17:52","date_gmt":"2020-01-13T11:17:52","guid":{"rendered":"https:\/\/demosites.io\/web-agency-gb\/?page_id=5"},"modified":"2025-06-29T18:54:14","modified_gmt":"2025-06-29T17:54:14","slug":"15c42-web-agency-gb-home","status":"publish","type":"page","link":"https:\/\/gonyon.ch\/","title":{"rendered":"Home"},"content":{"rendered":"\n<div class=\"wp-block-cover alignfull is-light wp-duotone-dark-grayscale\" style=\"min-height:700px;aspect-ratio:unset;\"><img loading=\"lazy\" decoding=\"async\" width=\"1792\" height=\"1024\" class=\"wp-block-cover__image-background wp-image-364\" alt=\"\" src=\"https:\/\/gonyon.ch\/wp-content\/uploads\/2025\/04\/GOats_Nyon-2.jpg\" data-object-fit=\"cover\" srcset=\"https:\/\/gonyon.ch\/wp-content\/uploads\/2025\/04\/GOats_Nyon-2.jpg 1792w, https:\/\/gonyon.ch\/wp-content\/uploads\/2025\/04\/GOats_Nyon-2-300x171.jpg 300w, https:\/\/gonyon.ch\/wp-content\/uploads\/2025\/04\/GOats_Nyon-2-1024x585.jpg 1024w, https:\/\/gonyon.ch\/wp-content\/uploads\/2025\/04\/GOats_Nyon-2-768x439.jpg 768w, https:\/\/gonyon.ch\/wp-content\/uploads\/2025\/04\/GOats_Nyon-2-1536x878.jpg 1536w\" sizes=\"auto, (max-width: 1792px) 100vw, 1792px\" \/><span aria-hidden=\"true\" class=\"wp-block-cover__background has-background-dim-0 has-background-dim\" style=\"background-color:#978168\"><\/span><div class=\"wp-block-cover__inner-container is-layout-flow wp-block-cover-is-layout-flow\">\n<div style=\"height:80px\" aria-hidden=\"true\" class=\"wp-block-spacer\"><\/div>\n\n\n\n<h1 class=\"wp-block-heading has-text-align-center has-nv-text-dark-bg-color has-text-color\">Les GOats de Nyon<\/h1>\n\n\n\n<h4 class=\"wp-block-heading has-text-align-center has-nv-site-bg-color has-text-color\">Rejoignez-nous pour apprendre et jouer au jeu de Go !<\/h4>\n\n\n\n<div style=\"height:80px\" aria-hidden=\"true\" class=\"wp-block-spacer\"><\/div>\n\n\n\n<div style=\"height:80px\" aria-hidden=\"true\" class=\"wp-block-spacer\"><\/div>\n<\/div><\/div>\n\n\n\n<div style=\"height:40px\" aria-hidden=\"true\" id=\"qui\" class=\"wp-block-spacer\"><\/div>\n\n\n\n<div class=\"wp-block-columns is-layout-flex wp-container-core-columns-is-layout-9d6595d7 wp-block-columns-is-layout-flex\">\n<div class=\"wp-block-column is-layout-flow wp-block-column-is-layout-flow\">\n<h2 class=\"wp-block-heading\">Qui sommes-nous ?<\/h2>\n\n\n\n<p>L&#8217;Association Go Nyon a \u00e9t\u00e9 cr\u00e9\u00e9e pour permettre aux habitants de la r\u00e9gion de Nyon, petits et grands, de s&#8217;initier au jeu de Go. Que vous soyez d\u00e9butant ou joueur confirm\u00e9, nos s\u00e9ances hebdomadaires vous offrent un environnement convivial et chaleureux o\u00f9 vous pourrez vous perfectionner, rencontrer des passionn\u00e9s partageant les m\u00eames id\u00e9es et vous immerger dans l&#8217;un des jeux les plus anciens et les plus strat\u00e9giques au monde. <\/p>\n\n\n\n<p class=\"has-medium-font-size\">Tous les \u00e2ges et tous les niveaux sont les bienvenus : venez pour apprendre, restez pour vous amuser !<\/p>\n\n\n\n<ul class=\"wp-block-social-links is-layout-flex wp-block-social-links-is-layout-flex\"><li class=\"wp-social-link wp-social-link-facebook  wp-block-social-link\"><a href=\"https:\/\/www.facebook.com\/profile.php?id=61565619636671\" class=\"wp-block-social-link-anchor\"><svg width=\"24\" height=\"24\" viewBox=\"0 0 24 24\" version=\"1.1\" xmlns=\"http:\/\/www.w3.org\/2000\/svg\" aria-hidden=\"true\" focusable=\"false\"><path d=\"M12 2C6.5 2 2 6.5 2 12c0 5 3.7 9.1 8.4 9.9v-7H7.9V12h2.5V9.8c0-2.5 1.5-3.9 3.8-3.9 1.1 0 2.2.2 2.2.2v2.5h-1.3c-1.2 0-1.6.8-1.6 1.6V12h2.8l-.4 2.9h-2.3v7C18.3 21.1 22 17 22 12c0-5.5-4.5-10-10-10z\"><\/path><\/svg><span class=\"wp-block-social-link-label screen-reader-text\">Facebook<\/span><\/a><\/li>\n\n<li class=\"wp-social-link wp-social-link-youtube  wp-block-social-link\"><a href=\"https:\/\/www.youtube.com\/@Apprendre_Le_Jeu_De_Go\" class=\"wp-block-social-link-anchor\"><svg width=\"24\" height=\"24\" viewBox=\"0 0 24 24\" version=\"1.1\" xmlns=\"http:\/\/www.w3.org\/2000\/svg\" aria-hidden=\"true\" focusable=\"false\"><path d=\"M21.8,8.001c0,0-0.195-1.378-0.795-1.985c-0.76-0.797-1.613-0.801-2.004-0.847c-2.799-0.202-6.997-0.202-6.997-0.202 h-0.009c0,0-4.198,0-6.997,0.202C4.608,5.216,3.756,5.22,2.995,6.016C2.395,6.623,2.2,8.001,2.2,8.001S2,9.62,2,11.238v1.517 c0,1.618,0.2,3.237,0.2,3.237s0.195,1.378,0.795,1.985c0.761,0.797,1.76,0.771,2.205,0.855c1.6,0.153,6.8,0.201,6.8,0.201 s4.203-0.006,7.001-0.209c0.391-0.047,1.243-0.051,2.004-0.847c0.6-0.607,0.795-1.985,0.795-1.985s0.2-1.618,0.2-3.237v-1.517 C22,9.62,21.8,8.001,21.8,8.001z M9.935,14.594l-0.001-5.62l5.404,2.82L9.935,14.594z\"><\/path><\/svg><span class=\"wp-block-social-link-label screen-reader-text\">YouTube<\/span><\/a><\/li><\/ul>\n<\/div>\n\n\n\n<div class=\"wp-block-column is-layout-flow wp-block-column-is-layout-flow\">\n<figure class=\"wp-block-image size-large\"><img loading=\"lazy\" decoding=\"async\" width=\"1024\" height=\"768\" src=\"https:\/\/gonyon.ch\/wp-content\/uploads\/2025\/04\/go-board-1024x768.jpg\" alt=\"\" class=\"wp-image-369\" srcset=\"https:\/\/gonyon.ch\/wp-content\/uploads\/2025\/04\/go-board-1024x768.jpg 1024w, https:\/\/gonyon.ch\/wp-content\/uploads\/2025\/04\/go-board-300x225.jpg 300w, https:\/\/gonyon.ch\/wp-content\/uploads\/2025\/04\/go-board-768x576.jpg 768w, https:\/\/gonyon.ch\/wp-content\/uploads\/2025\/04\/go-board-1536x1152.jpg 1536w, https:\/\/gonyon.ch\/wp-content\/uploads\/2025\/04\/go-board.jpg 2048w\" sizes=\"auto, (max-width: 1024px) 100vw, 1024px\" \/><\/figure>\n<\/div>\n<\/div>\n\n\n\n<div style=\"height:40px\" aria-hidden=\"true\" id=\"quand\" class=\"wp-block-spacer\"><\/div>\n\n\n\n<div class=\"wp-block-columns is-layout-flex wp-container-core-columns-is-layout-9d6595d7 wp-block-columns-is-layout-flex\">\n<div class=\"wp-block-column is-layout-flow wp-block-column-is-layout-flow\">\n<figure class=\"wp-block-image size-large\"><img loading=\"lazy\" decoding=\"async\" width=\"1024\" height=\"768\" src=\"https:\/\/gonyon.ch\/wp-content\/uploads\/2025\/04\/go_nathan-1024x768.jpg\" alt=\"\" class=\"wp-image-370\" srcset=\"https:\/\/gonyon.ch\/wp-content\/uploads\/2025\/04\/go_nathan-1024x768.jpg 1024w, https:\/\/gonyon.ch\/wp-content\/uploads\/2025\/04\/go_nathan-300x225.jpg 300w, https:\/\/gonyon.ch\/wp-content\/uploads\/2025\/04\/go_nathan-768x576.jpg 768w, https:\/\/gonyon.ch\/wp-content\/uploads\/2025\/04\/go_nathan.jpg 1170w\" sizes=\"auto, (max-width: 1024px) 100vw, 1024px\" \/><\/figure>\n<\/div>\n\n\n\n<div class=\"wp-block-column is-layout-flow wp-block-column-is-layout-flow\">\n<h2 class=\"wp-block-heading\">Quand et o\u00f9 ?<\/h2>\n\n\n\n<p>Nos s\u00e9ances ont lieu le mardi soir (18h \u00e0 19h15) et le mercredi apr\u00e8s-midi (14h00 \u00e0 15h30) pendant la p\u00e9riode scolaire.<\/p>\n\n\n\n<p>Pour nous rejoindre, envoyez-nous un message via le formulaire ci-dessous ou venez simplement nous dire bonjour un mardi ou un mercredi\u00a0!<\/p>\n\n\n\n<h4 class=\"wp-block-heading\">Retrouvez-nous<\/h4>\n\n\n\n<p>Le Clubhouse est situ\u00e9 au 3, rue Nicole. Retrouvez-nous<a href=\"https:\/\/maps.app.goo.gl\/Y16pQZubbAQ6fJ659\"> ici sur Google Maps<\/a>.<\/p>\n<\/div>\n<\/div>\n\n\n\n<div style=\"height:40px\" aria-hidden=\"true\" id=\"jeu\" class=\"wp-block-spacer\"><\/div>\n\n\n\n<div class=\"wp-block-columns is-layout-flex wp-container-core-columns-is-layout-9d6595d7 wp-block-columns-is-layout-flex\">\n<div class=\"wp-block-column is-layout-flow wp-block-column-is-layout-flow\">\n<h2 class=\"wp-block-heading\">Le jeu de Go<\/h2>\n\n\n\n<p>Il s\u2019agit d\u2019un jeu de plateau strat\u00e9gique dans lequel deux joueurs se confrontent afin d\u2019obtenir des points de territoire et de capture. Une fois que les territoires sont d\u00e9limit\u00e9s, le joueur ayant le plus de points gagne. Les r\u00e8gles sont faciles \u00e0 apprendre et il est continuellement possible de s\u2019am\u00e9liorer.<\/p>\n\n\n\n<p>Le jeu est n\u00e9 en Chine il y a plusieurs milliers d&#8217;ann\u00e9es. Il se joue au Japon depuis 1200 ans, mais il ne s&#8217;est r\u00e9pandu que r\u00e9cemment en Occident. <\/p>\n\n\n\n<p>L&#8217;\u00e9quipement se compose d&#8217;un plateau de jeu, appel\u00e9 <strong>goban<\/strong>, sur lequel est trac\u00e9 un quadrillage et des pions, appel\u00e9s <strong>pierres<\/strong>, que l&#8217;on pose sur les intersections de ce quadrillage \u00e0 tour de r\u00f4le.<\/p>\n\n\n\n<h4 class=\"wp-block-heading\">Liens utiles<\/h4>\n\n\n\n<ul class=\"wp-block-list\">\n<li><a href=\"https:\/\/www.youtube.com\/@Apprendre_Le_Jeu_De_Go\">Chaine YouTube &#8211; Apprendre le jeu de Go<\/a> &#8211; anim\u00e9 par notre responsable de club, Pierre Cardeillac<\/li>\n\n\n\n<li><a href=\"https:\/\/jeudego.org\/_php\/regleGo_intro.php\">La r\u00e8gle officielle<\/a><\/li>\n\n\n\n<li><a href=\"https:\/\/jeudego.org\/_php\/jouer-au-go-sur-internet.php\">Jouer sur internet<\/a><\/li>\n<\/ul>\n<\/div>\n\n\n\n<div class=\"wp-block-column is-layout-flow wp-block-column-is-layout-flow\">\n<figure class=\"wp-block-image size-large\"><img loading=\"lazy\" decoding=\"async\" width=\"768\" height=\"1024\" src=\"https:\/\/gonyon.ch\/wp-content\/uploads\/2025\/04\/472083788_122129121254520654_4223103591250467816_n-768x1024.jpg\" alt=\"\" class=\"wp-image-383\" srcset=\"https:\/\/gonyon.ch\/wp-content\/uploads\/2025\/04\/472083788_122129121254520654_4223103591250467816_n-768x1024.jpg 768w, https:\/\/gonyon.ch\/wp-content\/uploads\/2025\/04\/472083788_122129121254520654_4223103591250467816_n-225x300.jpg 225w, https:\/\/gonyon.ch\/wp-content\/uploads\/2025\/04\/472083788_122129121254520654_4223103591250467816_n-1152x1536.jpg 1152w, https:\/\/gonyon.ch\/wp-content\/uploads\/2025\/04\/472083788_122129121254520654_4223103591250467816_n.jpg 1536w\" sizes=\"auto, (max-width: 768px) 100vw, 768px\" \/><\/figure>\n<\/div>\n<\/div>\n\n\n\n<div style=\"height:40px\" aria-hidden=\"true\" id=\"membre\" class=\"wp-block-spacer\"><\/div>\n\n\n\n<div class=\"wp-block-columns is-layout-flex wp-container-core-columns-is-layout-9d6595d7 wp-block-columns-is-layout-flex\">\n<div class=\"wp-block-column is-layout-flow wp-block-column-is-layout-flow\">\n<figure class=\"wp-block-image size-large\"><img loading=\"lazy\" decoding=\"async\" width=\"1024\" height=\"768\" src=\"https:\/\/gonyon.ch\/wp-content\/uploads\/2025\/04\/team_grenoble-1024x768.jpg\" alt=\"\" class=\"wp-image-372\" srcset=\"https:\/\/gonyon.ch\/wp-content\/uploads\/2025\/04\/team_grenoble-1024x768.jpg 1024w, https:\/\/gonyon.ch\/wp-content\/uploads\/2025\/04\/team_grenoble-300x225.jpg 300w, https:\/\/gonyon.ch\/wp-content\/uploads\/2025\/04\/team_grenoble-768x576.jpg 768w, https:\/\/gonyon.ch\/wp-content\/uploads\/2025\/04\/team_grenoble.jpg 1170w\" sizes=\"auto, (max-width: 1024px) 100vw, 1024px\" \/><\/figure>\n<\/div>\n\n\n\n<div class=\"wp-block-column is-layout-flow wp-block-column-is-layout-flow\">\n<h2 class=\"wp-block-heading\">Devenir membre<\/h2>\n\n\n\n<p>Notre cotisation s&#8217;\u00e9l\u00e8ve \u00e0 250 CHF pour l&#8217;ann\u00e9e acad\u00e9mique compl\u00e8te. En cas d&#8217;adh\u00e9sion en cours d&#8217;ann\u00e9e, vous b\u00e9n\u00e9ficierez d&#8217;une r\u00e9duction au prorata.<\/p>\n\n\n\n<p class=\"has-medium-font-size\">Tous les nouveaux membres sont invit\u00e9s \u00e0 venir jusqu&#8217;\u00e0 trois fois pour tester le programme avant de s&#8217;engager.<\/p>\n<\/div>\n<\/div>\n\n\n\n<div style=\"height:40px\" aria-hidden=\"true\" id=\"autres\" class=\"wp-block-spacer\"><\/div>\n\n\n\n<div class=\"wp-block-columns is-layout-flex wp-container-core-columns-is-layout-9d6595d7 wp-block-columns-is-layout-flex\">\n<div class=\"wp-block-column is-layout-flow wp-block-column-is-layout-flow\">\n<h2 class=\"wp-block-heading\">Autres activit\u00e9s<\/h2>\n\n\n\n<p>Tout au long de l&#8217;ann\u00e9e, nous partons r\u00e9guli\u00e8rement en excursion, d\u00e9couvrant toujours de nouveaux endroits o\u00f9 jouer au go.<\/p>\n\n\n\n<p>Nous avons d\u00e9j\u00e0 visit\u00e9 Gen\u00e8ve et Grenoble pour des tournois et des \u00e9changes de clubs, nous sommes all\u00e9s \u00e0 Lausanne pour enseigner le jeu au Japan Impact, et nous avons m\u00eame grimp\u00e9 jusqu&#8217;au sommet du Jura pour jouer&nbsp;!<\/p>\n\n\n\n<p>Si vous souhaitez nous inviter \u00e0 visiter votre club de Go, contactez-nous.<\/p>\n<\/div>\n\n\n\n<div class=\"wp-block-column is-layout-flow wp-block-column-is-layout-flow\">\n<figure class=\"wp-block-image size-large\"><img loading=\"lazy\" decoding=\"async\" width=\"1024\" height=\"768\" src=\"https:\/\/gonyon.ch\/wp-content\/uploads\/2025\/04\/jura_go-1024x768.jpg\" alt=\"\" class=\"wp-image-371\" srcset=\"https:\/\/gonyon.ch\/wp-content\/uploads\/2025\/04\/jura_go-1024x768.jpg 1024w, https:\/\/gonyon.ch\/wp-content\/uploads\/2025\/04\/jura_go-300x225.jpg 300w, https:\/\/gonyon.ch\/wp-content\/uploads\/2025\/04\/jura_go-768x576.jpg 768w, https:\/\/gonyon.ch\/wp-content\/uploads\/2025\/04\/jura_go-1536x1152.jpg 1536w, https:\/\/gonyon.ch\/wp-content\/uploads\/2025\/04\/jura_go.jpg 1600w\" sizes=\"auto, (max-width: 1024px) 100vw, 1024px\" \/><\/figure>\n<\/div>\n<\/div>\n\n\n\n<div style=\"height:80px\" aria-hidden=\"true\" id=\"contact\" class=\"wp-block-spacer\"><\/div>\n\n\n\n<h2 class=\"wp-block-heading\">Contact<\/h2>\n\n\n<div class='fluentform ff-default fluentform_wrapper_3 ffs_default_wrap'><form data-form_id=\"3\" id=\"fluentform_3\" class=\"frm-fluent-form fluent_form_3 ff-el-form-top ff_form_instance_3_1 ff-form-loading ffs_default\" data-form_instance=\"ff_form_instance_3_1\" method=\"POST\" ><fieldset  style=\"border: none!important;margin: 0!important;padding: 0!important;background-color: transparent!important;box-shadow: none!important;outline: none!important; min-inline-size: 100%;\">\n                    <legend class=\"ff_screen_reader_title\" style=\"display: block; margin: 0!important;padding: 0!important;height: 0!important;text-indent: -999999px;width: 0!important;overflow:hidden;\">Contact Go Nyon<\/legend>        <div\n                style=\"display: none!important; position: absolute!important; transform: translateX(1000%)!important;\"\n                class=\"ff-el-group ff-hpsf-container\"\n        >\n            <div class=\"ff-el-input--label asterisk-right\">\n                <label for=\"ff_3_item_sf\" aria-label=\"Notify\">\n                    Notify                <\/label>\n            <\/div>\n            <div class=\"ff-el-input--content\">\n                <input type=\"text\"\n                       name=\"item_3__fluent_sf\"\n                       class=\"ff-el-form-control\"\n                       id=\"ff_3_item_sf\"\n                \/>\n            <\/div>\n        <\/div>\n                <input type=\"hidden\" id=\"__fluent_protection_token_3\" class=\"fluent-form-token-field\" name=\"__fluent_protection_token_3\">\n        <input type='hidden' name='__fluent_form_embded_post_id' value='309' \/><input type=\"hidden\" id=\"_fluentform_3_fluentformnonce\" name=\"_fluentform_3_fluentformnonce\" value=\"b2a5635d2a\" \/><input type=\"hidden\" name=\"_wp_http_referer\" value=\"\/index.php?rest_route=%2Fwp%2Fv2%2Fpages%2F309\" \/><div data-type=\"name-element\" data-name=\"names\" class=\" ff-field_container ff-name-field-wrapper\" ><div class='ff-t-container'><div class='ff-t-cell '><div class='ff-el-group'><div class=\"ff-el-input--label asterisk-right\"><label for='ff_3_names_last_name_' id='label_ff_3_names_last_name_' >Nom<\/label><\/div><div class='ff-el-input--content'><input type=\"text\" name=\"names[last_name]\" id=\"ff_3_names_last_name_\" class=\"ff-el-form-control\" aria-invalid=\"false\" aria-required=false><\/div><\/div><\/div><\/div><\/div><div class='ff-el-group'><div class=\"ff-el-input--label ff-el-is-required asterisk-right\"><label for='ff_3_email' id='label_ff_3_email' aria-label=\"Email\">Email<\/label><\/div><div class='ff-el-input--content'><input type=\"email\" name=\"email\" id=\"ff_3_email\" class=\"ff-el-form-control\" data-name=\"email\"  aria-invalid=\"false\" aria-required=true><\/div><\/div><div class='ff-el-group'><div class=\"ff-el-input--label asterisk-right\"><label for='ff_3_subject' id='label_ff_3_subject' aria-label=\"Sujet\">Sujet<\/label><\/div><div class='ff-el-input--content'><input type=\"text\" name=\"subject\" class=\"ff-el-form-control\" data-name=\"subject\" id=\"ff_3_subject\"  aria-invalid=\"false\" aria-required=false><\/div><\/div><div class='ff-el-group'><div class=\"ff-el-input--label ff-el-is-required asterisk-right\"><label for='ff_3_message' id='label_ff_3_message' aria-label=\"Message\">Message<\/label><\/div><div class='ff-el-input--content'><textarea aria-required=\"true\" aria-labelledby=\"label_ff_3_message\" name=\"message\" id=\"ff_3_message\" class=\"ff-el-form-control\" rows=\"4\" cols=\"2\" data-name=\"message\" ><\/textarea><\/div><\/div><div class='ff-el-group ' ><div class='ff-el-input--content'><div data-fluent_id='3' name='h-captcha-response'><div\n\t\tdata-sitekey='11a6dcce-65f6-4e4a-8908-19009624888e'\n\t\tid='fluentform-hcaptcha-3-1'\n\t\tclass='ff-el-hcaptcha h-captcha'><\/div><\/div><\/div><\/div><div class='ff-el-group ff-text-left ff_submit_btn_wrapper'><button type=\"submit\" class=\"ff-btn ff-btn-submit ff-btn-md ff_btn_style\"  aria-label=\"Envoyer\">Envoyer<\/button><\/div><\/fieldset><\/form><div id='fluentform_3_errors' class='ff-errors-in-stack ff_form_instance_3_1 ff-form-loading_errors ff_form_instance_3_1_errors'><\/div><\/div>            <script type=\"text\/javascript\">\n                window.fluent_form_ff_form_instance_3_1 = {\"id\":\"3\",\"settings\":{\"layout\":{\"labelPlacement\":\"top\",\"asteriskPlacement\":\"asterisk-right\",\"helpMessagePlacement\":\"with_label\",\"errorMessagePlacement\":\"inline\",\"cssClassName\":\"\"},\"restrictions\":{\"denyEmptySubmission\":{\"enabled\":false}}},\"form_instance\":\"ff_form_instance_3_1\",\"form_id_selector\":\"fluentform_3\",\"rules\":{\"names[first_name]\":{\"required\":{\"value\":false,\"message\":\"This field is required\",\"global\":true,\"global_message\":\"This field is required\"}},\"names[middle_name]\":{\"required\":{\"value\":false,\"message\":\"This field is required\",\"global\":true,\"global_message\":\"This field is required\"}},\"names[last_name]\":{\"required\":{\"value\":false,\"message\":\"This field is required\",\"global\":true,\"global_message\":\"This field is required\"}},\"email\":{\"required\":{\"value\":true,\"message\":\"This field is required\",\"global\":true,\"global_message\":\"This field is required\"},\"email\":{\"value\":true,\"message\":\"This field must contain a valid email\",\"global\":true,\"global_message\":\"This field must contain a valid email\"}},\"subject\":{\"required\":{\"value\":false,\"message\":\"This field is required\",\"global\":true,\"global_message\":\"This field is required\"}},\"message\":{\"required\":{\"value\":true,\"message\":\"This field is required\",\"global\":true,\"global_message\":\"This field is required\"}},\"h-captcha-response\":[]},\"debounce_time\":300};\n                            <\/script>\n            \n\n\n\n<div style=\"height:80px\" aria-hidden=\"true\" class=\"wp-block-spacer\"><\/div>\n\n\n\n<p><\/p>\n","protected":false},"excerpt":{"rendered":"<p>Qui sommes-nous ? L&#8217;Association Go Nyon a \u00e9t\u00e9 cr\u00e9\u00e9e pour permettre aux habitants de la r\u00e9gion de Nyon, petits et grands, de s&#8217;initier au jeu de Go. Que vous soyez d\u00e9butant ou joueur confirm\u00e9, nos s\u00e9ances hebdomadaires vous offrent un environnement convivial et chaleureux o\u00f9 vous pourrez vous perfectionner, rencontrer des passionn\u00e9s partageant les m\u00eames&hellip;&nbsp;<a href=\"https:\/\/gonyon.ch\/\" rel=\"bookmark\">Read More &raquo;<span class=\"screen-reader-text\">Home<\/span><\/a><\/p>\n","protected":false},"author":1,"featured_media":0,"parent":0,"menu_order":0,"comment_status":"closed","ping_status":"closed","template":"","meta":{"neve_meta_sidebar":"default","neve_meta_container":"default","neve_meta_enable_content_width":"on","neve_meta_content_width":100,"neve_meta_title_alignment":"","neve_meta_author_avatar":"","neve_post_elements_order":"","neve_meta_disable_header":"","neve_meta_disable_footer":"","neve_meta_disable_title":"on","_themeisle_gutenberg_block_has_review":false,"footnotes":""},"class_list":["post-309","page","type-page","status-publish","hentry"],"_links":{"self":[{"href":"https:\/\/gonyon.ch\/index.php?rest_route=\/wp\/v2\/pages\/309","targetHints":{"allow":["GET"]}}],"collection":[{"href":"https:\/\/gonyon.ch\/index.php?rest_route=\/wp\/v2\/pages"}],"about":[{"href":"https:\/\/gonyon.ch\/index.php?rest_route=\/wp\/v2\/types\/page"}],"author":[{"embeddable":true,"href":"https:\/\/gonyon.ch\/index.php?rest_route=\/wp\/v2\/users\/1"}],"replies":[{"embeddable":true,"href":"https:\/\/gonyon.ch\/index.php?rest_route=%2Fwp%2Fv2%2Fcomments&post=309"}],"version-history":[{"count":7,"href":"https:\/\/gonyon.ch\/index.php?rest_route=\/wp\/v2\/pages\/309\/revisions"}],"predecessor-version":[{"id":418,"href":"https:\/\/gonyon.ch\/index.php?rest_route=\/wp\/v2\/pages\/309\/revisions\/418"}],"wp:attachment":[{"href":"https:\/\/gonyon.ch\/index.php?rest_route=%2Fwp%2Fv2%2Fmedia&parent=309"}],"curies":[{"name":"wp","href":"https:\/\/api.w.org\/{rel}","templated":true}]}}