

{"id":431,"date":"2026-02-01T09:33:55","date_gmt":"2026-02-01T08:33:55","guid":{"rendered":"https:\/\/gonyon.ch\/?page_id=431"},"modified":"2026-02-11T09:48:45","modified_gmt":"2026-02-11T08:48:45","slug":"tournois-2026","status":"publish","type":"page","link":"https:\/\/gonyon.ch\/?page_id=431","title":{"rendered":"Tournois"},"content":{"rendered":"\n<h2 class=\"wp-block-heading\">Inscrivez-vous au tournois<\/h2>\n\n\n\n<p class=\"has-text-align-left\">Le tournois est ouvert \u00e0 <strong>tous les joueurs<\/strong>, m\u00eame \u00e0 ceux qui ne connaissent pas les r\u00e8gles! (<strong><em>des membres du staff vous initieront de mani\u00e8re ludique<\/em><\/strong>)<br> Il se d\u00e9roulera \u00e0 <strong>Gland<\/strong> Salle Montoly, Chemin de montoly 1<\/p>\n\n\n\n<p> Marqueur Vert sur la carte ci-dessous<\/p>\n\n\n\n        <div id=\"map_ol3js_1\"\n             class=\"map undefined\"\n             data-map_name=\"undefined\"\n             data-map=\"map_ol3js_1\"\n             style=\"width:75%;\n                    max-width:100%;\n                    height:400px;\n                    display:block;\n                    overflow:hidden;\n                    border:thin solid black;\">\n          <div id=\"map_ol3js_1_popup\" class=\"ol-popup\">\n            <a href=\"#\" id=\"map_ol3js_1_popup-closer\" class=\"ol-popup-closer\"><\/a>\n            <div id=\"map_ol3js_1_popup-content\"><\/div>\n          <\/div>\n        <\/div>\n    \n\n\t\t\t\t<script type=\"text\/javascript\">\n\t\t\t\t\ttranslations['openlayer'] = \"open layer\";\n\t\t\t\t\ttranslations['openlayerAtStartup'] = \"open layer at startup\";\n\t\t\t\t\ttranslations['generateLink'] = \"link to this map with opened layers\";\n\t\t\t\t\ttranslations['shortDescription'] = \"short description\";\n\t\t\t\t\ttranslations['generatedShortCode'] = \"to get a text control link paste this code in your wordpress editor\";\n\t\t\t\t\ttranslations['closeLayer'] = \"close layer\";\n\t\t\t\t\ttranslations['cantGenerateLink'] = \"put this string in the existing map short code to control this map\";\n\t\t\t  <\/script>\n\n\n\t\t\t  <script type=\"text\/javascript\">\n\t\t\t  vectorM['map_ol3js_1'] = [];\n\t        \n        var raster = getTileLayer(\"osm\",\"NoKey\");\t\t\t\n\n\t\t\t  var map_ol3js_1 = new ol.Map({\n\t\t\t\tinteractions: ol.interaction.defaults.defaults({mouseWheelZoom:false}),\n\t\t\t\tlayers: [raster],\n\t\t\t\ttarget: \"map_ol3js_1\",\n\t\t\t\tview: new ol.View({\n\t\t\t\t  center: ol.proj.transform([6.2727,46.4218], \"EPSG:4326\", \"EPSG:3857\"),\n\t\t\t\t  zoom: 16.0\n\t\t\t\t})\n\t\t\t  });\n\t\t\t  osm_addMarkerLayer(map_ol3js_1,6.2748,46.4231,\"https:\/\/gonyon.ch\/wp-content\/plugins\/osm\/icons\/mic_green_pinother_02.png\",-16,-41,\"<p>La salle du Tournois des <b> Goats <\/b><\/p>\") ; \naddControls2Map(map_ol3js_1,0,0,3,1,5,6,7,1,1);\nosm_addPopupClickhandler(map_ol3js_1,  \"map_ol3js_1\"); \nosm_addMouseHover(map_ol3js_1); <\/script>\n\n\n\n<p><\/p>\n\n\n\n<h3 id=\"wp-block-themeisle-blocks-advanced-heading-4e31baf4\" class=\"wp-block-themeisle-blocks-advanced-heading wp-block-themeisle-blocks-advanced-heading-4e31baf4\">                                Le samedi 28 f\u00e9vrier :<\/h3>\n\n\n\n<ul class=\"wp-block-list\">\n<li>D\u00e9butants de <strong>13h \u00e0 18h<\/strong> .<\/li>\n\n\n\n<li>Exp\u00e9riment\u00e9s de <strong>9h \u00e0 18h<\/strong>.<\/li>\n<\/ul>\n\n\n\n<h3 class=\"wp-block-heading has-text-align-left\">           Planning de la journ\u00e9e<\/h3>\n\n\n\n<h4 class=\"wp-block-heading\">    Accueil des joueurs exp\u00e9riment\u00e9s : 9h<\/h4>\n\n\n\n<p>cr\u00e9ation \u00e9quipes de pair go \/ Horloge = 10 minutes + 5 secondes d&#8217;incr\u00e9ment Fisher <\/p>\n\n\n\n<ul class=\"wp-block-list\">\n<li>9h30 :  Ronde 1<\/li>\n\n\n\n<li>10h45 : Ronde 2 <\/li>\n\n\n\n<li>12h Pause de midi (pr\u00e9voir \u00e0 manger car pas de restauration sur place)<\/li>\n<\/ul>\n\n\n\n<h4 class=\"wp-block-heading\">Accueil joueurs d\u00e9butants  : 13h<\/h4>\n\n\n\n<ul class=\"wp-block-list\">\n<li>13h :      Ronde 3 pour les joueurs exp\u00e9riment\u00e9s et d\u00e9but des initiations<\/li>\n\n\n\n<li>14h15 :  Ronde 4 (joueurs exp\u00e9riment\u00e9s) et  parties d\u00e9butants\n<ul class=\"wp-block-list\">\n<li>15h30 : Demi-finales <\/li>\n\n\n\n<li>16h45 : Finales <\/li>\n<\/ul>\n<\/li>\n\n\n\n<li>18h : Remise des prix des 5 cat\u00e9gories<\/li>\n<\/ul>\n\n\n\n<p><strong>Remplissez<\/strong> le formulaire et payez par <strong>Twint<\/strong> pour valider votre inscription.<\/p>\n\n\n\n<p><strong>Inscription<\/strong> :<\/p>\n\n\n<div class='fluentform ff-default fluentform_wrapper_4 ffs_default_wrap'><form data-form_id=\"4\" id=\"fluentform_4\" class=\"frm-fluent-form fluent_form_4 ff-el-form-top ff_form_instance_4_1 ff-form-loading ffs_default\" data-form_instance=\"ff_form_instance_4_1\" method=\"POST\" ><fieldset  style=\"border: none!important;margin: 0!important;padding: 0!important;background-color: transparent!important;box-shadow: none!important;outline: none!important; min-inline-size: 100%;\">\n                    <legend class=\"ff_screen_reader_title\" style=\"display: block; margin: 0!important;padding: 0!important;height: 0!important;text-indent: -999999px;width: 0!important;overflow:hidden;\">Inscription<\/legend>        <div\n                style=\"display: none!important; position: absolute!important; transform: translateX(1000%)!important;\"\n                class=\"ff-el-group ff-hpsf-container\"\n        >\n            <div class=\"ff-el-input--label asterisk-right\">\n                <label for=\"ff_4_item_sf\" aria-label=\"Newsletter\">\n                    Newsletter                <\/label>\n            <\/div>\n            <div class=\"ff-el-input--content\">\n                <input type=\"text\"\n                       name=\"item_4__fluent_sf\"\n                       class=\"ff-el-form-control\"\n                       id=\"ff_4_item_sf\"\n                \/>\n            <\/div>\n        <\/div>\n                <input type=\"hidden\" id=\"__fluent_protection_token_4\" class=\"fluent-form-token-field\" name=\"__fluent_protection_token_4\">\n        <input type='hidden' name='__fluent_form_embded_post_id' value='431' \/><input type=\"hidden\" id=\"_fluentform_4_fluentformnonce\" name=\"_fluentform_4_fluentformnonce\" value=\"b2a5635d2a\" \/><input type=\"hidden\" name=\"_wp_http_referer\" value=\"\/index.php?rest_route=%2Fwp%2Fv2%2Fpages%2F431\" \/><div data-type=\"name-element\" data-name=\"names_1\" class=\" ff-field_container ff-name-field-wrapper\" ><div class='ff-t-container'><div class='ff-t-cell '><div class='ff-el-group ff-el-form-top'><div class=\"ff-el-input--label asterisk-right\"><label for='ff_4_names_1_first_name_' id='label_ff_4_names_1_first_name_' >Nom<\/label><\/div><div class='ff-el-input--content'><input type=\"text\" name=\"names_1[first_name]\" id=\"ff_4_names_1_first_name_\" class=\"ff-el-form-control\" placeholder=\"Saisissez votre pr\u00e9nom\" aria-invalid=\"false\" aria-required=false><\/div><\/div><\/div><\/div><\/div><div class='ff-el-group'><div class=\"ff-el-input--label ff-el-is-required asterisk-right\"><label for='ff_4_email' id='label_ff_4_email' aria-label=\"Email\">Email<\/label><\/div><div class='ff-el-input--content'><input type=\"email\" name=\"email\" id=\"ff_4_email\" class=\"ff-el-form-control\" placeholder=\"Addresse e-mail\" data-name=\"email\"  aria-invalid=\"false\" aria-required=true><\/div><\/div><div class='ff-el-group'><div class=\"ff-el-input--label asterisk-right\"><label for='ff_4_input_text' id='label_ff_4_input_text' aria-label=\"Num\u00e9ro de T\u00e8l\u00e8phone\">Num\u00e9ro de T\u00e8l\u00e8phone<\/label><\/div><div class='ff-el-input--content'><input type=\"text\" name=\"input_text\" class=\"ff-el-form-control\" placeholder=\"+41 76 756 23 28\" data-name=\"input_text\" id=\"ff_4_input_text\"  aria-invalid=\"false\" aria-required=false><\/div><\/div><div class='ff-el-group'><div class=\"ff-el-input--label asterisk-right\"><label for='ff_4_description' id='label_ff_4_description' aria-label=\"Niveau OGS pour les joueurs exp\u00e9riment\u00e9s\">Niveau OGS pour les joueurs exp\u00e9riment\u00e9s<\/label><\/div><div class='ff-el-input--content'><textarea aria-required=\"false\" aria-labelledby=\"label_ff_4_description\" name=\"description\" id=\"ff_4_description\" class=\"ff-el-form-control\" placeholder=\"10 Kiu \" rows=\"1\" cols=\"1\" data-name=\"description\" ><\/textarea><\/div><\/div><div class='ff-el-group ff-el-form-hide_label  ff_list_buttons'><div class=\"ff-el-input--label ff-el-is-required asterisk-right\"><label   aria-label=\"Cat\u00e9gorie\">Cat\u00e9gorie<\/label><\/div><div class='ff-el-input--content'><div class='ff-el-form-check ff-el-form-check-'><label class='ff-el-form-check-label' for='checkbox_7fff7262af3f7f42a356361f6fb3679f'><input  type=\"checkbox\" name=\"checkbox[]\" data-name=\"checkbox\" class=\"ff-el-form-check-input ff-el-form-check-checkbox\" value=\"Ne connais pas les r\u00e8gles\"  id='checkbox_7fff7262af3f7f42a356361f6fb3679f' aria-label='Ne connais pas les r\u00e8gles' aria-invalid='false' aria-required=true> <span>Ne connais pas les r\u00e8gles<\/span><\/label><\/div><div class='ff-el-form-check ff-el-form-check-'><label class='ff-el-form-check-label' for='checkbox_0a905087cf149916b5a062678aacdbd8'><input  type=\"checkbox\" name=\"checkbox[]\" data-name=\"checkbox\" class=\"ff-el-form-check-input ff-el-form-check-checkbox\" value=\"D\u00e9butant 9x9\"  id='checkbox_0a905087cf149916b5a062678aacdbd8' aria-label='D\u00e9butant 9x9' aria-invalid='false' aria-required=true> <span>D\u00e9butant 9x9<\/span><\/label><\/div><div class='ff-el-form-check ff-el-form-check-'><label class='ff-el-form-check-label' for='checkbox_4ffeebac288e5c1c498765311627460a'><input  type=\"checkbox\" name=\"checkbox[]\" data-name=\"checkbox\" class=\"ff-el-form-check-input ff-el-form-check-checkbox\" value=\"D\u00e9butant+ 13x13\"  id='checkbox_4ffeebac288e5c1c498765311627460a' aria-label='D\u00e9butant+ 13x13' aria-invalid='false' aria-required=true> <span>D\u00e9butant+ 13x13<\/span><\/label><\/div><div class='ff-el-form-check ff-el-form-check-'><label class='ff-el-form-check-label' for='checkbox_8ac9d7acec87c53f4d922320bb338268'><input  type=\"checkbox\" name=\"checkbox[]\" data-name=\"checkbox\" class=\"ff-el-form-check-input ff-el-form-check-checkbox\" value=\"Je joue en 19x19\"  id='checkbox_8ac9d7acec87c53f4d922320bb338268' aria-label='Je joue en 19x19' aria-invalid='false' aria-required=true> <span>Je joue en 19x19<\/span><\/label><\/div><div class='ff-el-form-check ff-el-form-check-'><label class='ff-el-form-check-label' for='checkbox_72eafe54c7daf5ae0dc2d03544debd8d'><input  type=\"checkbox\" name=\"checkbox[]\" data-name=\"checkbox\" class=\"ff-el-form-check-input ff-el-form-check-checkbox\" value=\"Pair Go pour joueurs + forts\"  id='checkbox_72eafe54c7daf5ae0dc2d03544debd8d' aria-label='Pair Go pour joueurs + forts' aria-invalid='false' aria-required=true> <span>Pair Go pour joueurs + forts<\/span><\/label><\/div><\/div><\/div><div class='ff-el-group ff-text-right ff_submit_btn_wrapper'><button type=\"submit\" class=\"ff-btn ff-btn-submit ff-btn-lg ff_btn_style\"  aria-label=\"Envoyer\">Envoyer<\/button><\/div><\/fieldset><\/form><div id='fluentform_4_errors' class='ff-errors-in-stack ff_form_instance_4_1 ff-form-loading_errors ff_form_instance_4_1_errors'><\/div><\/div>            <script type=\"text\/javascript\">\n                window.fluent_form_ff_form_instance_4_1 = {\"id\":\"4\",\"settings\":{\"layout\":{\"labelPlacement\":\"top\",\"asteriskPlacement\":\"asterisk-right\",\"helpMessagePlacement\":\"with_label\",\"errorMessagePlacement\":\"inline\",\"cssClassName\":\"\"},\"restrictions\":{\"denyEmptySubmission\":{\"enabled\":false}}},\"form_instance\":\"ff_form_instance_4_1\",\"form_id_selector\":\"fluentform_4\",\"rules\":{\"names_1[first_name]\":{\"required\":{\"value\":false,\"message\":\"This field is required\",\"global_message\":\"This field is required\",\"global\":true}},\"names_1[middle_name]\":{\"required\":{\"value\":false,\"message\":\"This field is required\",\"global_message\":\"This field is required\",\"global\":true}},\"names_1[last_name]\":{\"required\":{\"value\":false,\"message\":\"This field is required\",\"global_message\":\"This field is required\",\"global\":true}},\"email\":{\"required\":{\"value\":true,\"message\":\"This field is required\",\"global\":true,\"global_message\":\"This field is required\"},\"email\":{\"value\":false,\"message\":\"This field must contain a valid email\",\"global\":true,\"global_message\":\"This field must contain a valid email\"}},\"input_text\":{\"required\":{\"value\":false,\"message\":\"Merci de saisir votre Num\\u00e9ro pour les paiement par Twint\",\"global_message\":\"This field is required\",\"global\":false}},\"description\":{\"required\":{\"value\":false,\"message\":\"This field is required\",\"global_message\":\"This field is required\",\"global\":true}},\"checkbox\":{\"required\":{\"value\":true,\"message\":\"This field is required\",\"global_message\":\"This field is required\",\"global\":true}}},\"debounce_time\":300};\n                            <\/script>\n            \n\n\n\n<p>Paiement 10 CHF par personne : <a href=\"https:\/\/go.twint.ch\/1\/e\/tw?tw=acq.b8-jOdPHSX2Wp-2hjMQ_y9L7Mmb6kb1Pawf6-6ebgW5ExjcrJDdgJ1WlhtRhygz2\">TWINT<\/a><\/p>\n\n\n\n<p>Revenir \u00e0 la page <a href=\"https:\/\/gonyon.ch\" data-type=\"page\" data-id=\"309\">principale<\/a><br><\/p>\n\n\n\n<p><\/p>\n","protected":false},"excerpt":{"rendered":"<p>Inscrivez-vous au tournois Le tournois est ouvert \u00e0 tous les joueurs, m\u00eame \u00e0 ceux qui ne connaissent pas les r\u00e8gles! (des membres du staff vous initieront de mani\u00e8re ludique) Il se d\u00e9roulera \u00e0 Gland Salle Montoly, Chemin de montoly 1 Marqueur Vert sur la carte ci-dessous Planning de la journ\u00e9e Accueil des joueurs exp\u00e9riment\u00e9s :&hellip;&nbsp;<a href=\"https:\/\/gonyon.ch\/?page_id=431\" rel=\"bookmark\">Read More &raquo;<span class=\"screen-reader-text\">Tournois<\/span><\/a><\/p>\n","protected":false},"author":3,"featured_media":0,"parent":0,"menu_order":0,"comment_status":"closed","ping_status":"closed","template":"","meta":{"neve_meta_sidebar":"","neve_meta_container":"","neve_meta_enable_content_width":"","neve_meta_content_width":0,"neve_meta_title_alignment":"","neve_meta_author_avatar":"","neve_post_elements_order":"","neve_meta_disable_header":"","neve_meta_disable_footer":"","neve_meta_disable_title":"","_themeisle_gutenberg_block_has_review":false,"footnotes":""},"class_list":["post-431","page","type-page","status-publish","hentry"],"_links":{"self":[{"href":"https:\/\/gonyon.ch\/index.php?rest_route=\/wp\/v2\/pages\/431","targetHints":{"allow":["GET"]}}],"collection":[{"href":"https:\/\/gonyon.ch\/index.php?rest_route=\/wp\/v2\/pages"}],"about":[{"href":"https:\/\/gonyon.ch\/index.php?rest_route=\/wp\/v2\/types\/page"}],"author":[{"embeddable":true,"href":"https:\/\/gonyon.ch\/index.php?rest_route=\/wp\/v2\/users\/3"}],"replies":[{"embeddable":true,"href":"https:\/\/gonyon.ch\/index.php?rest_route=%2Fwp%2Fv2%2Fcomments&post=431"}],"version-history":[{"count":12,"href":"https:\/\/gonyon.ch\/index.php?rest_route=\/wp\/v2\/pages\/431\/revisions"}],"predecessor-version":[{"id":456,"href":"https:\/\/gonyon.ch\/index.php?rest_route=\/wp\/v2\/pages\/431\/revisions\/456"}],"wp:attachment":[{"href":"https:\/\/gonyon.ch\/index.php?rest_route=%2Fwp%2Fv2%2Fmedia&parent=431"}],"curies":[{"name":"wp","href":"https:\/\/api.w.org\/{rel}","templated":true}]}}